{"id":821,"date":"2021-07-13T15:28:30","date_gmt":"2021-07-13T13:28:30","guid":{"rendered":"https:\/\/ksa.turbuweb.com\/?page_id=821"},"modified":"2023-10-03T16:31:33","modified_gmt":"2023-10-03T20:31:33","slug":"about-us","status":"publish","type":"page","link":"https:\/\/ksalegal.ca\/en\/about-us\/","title":{"rendered":"About us"},"content":{"rendered":"<div class=\"acf-ksa-en-tete-de-page alignfull flex flex-col w-screen bg-cover bg-center bg-norepeat relative pt-16\" style=\"background-image: url(https:\/\/ksalegal.ca\/app\/uploads\/2021\/08\/Politique_conditions_entete.jpg)\" id=\"ksaentetedepage_1\">\n\n    <div class=\"w-full h-full flex flex-col justify-center align-center relative\">\n\n        <div class=\"container mx-auto pt-20 pb-56 grid grid-cols-1 md:grid-cols-2\">\n\n            <div class=\"logoContainer w-full text-center lg:text-left mb-20 sm:mb-2\">\n\n                \n                <a href=\"\/en\">\n                    <img decoding=\"async\" src=\"https:\/\/ksalegal.ca\/app\/themes\/turbutheme\/dist\/icons\/ksa-logo-gray.svg\" class=\"w-48 md:w-72\">\n                <\/a>\n            <\/div>\n\n            <div class=\"titleContainer w-full flex flex-row justify-center md:justify-end items-end\">\n                <h1 class=\"h1-style text-5xl break-words prata text-white\">\n                    About us\n                <\/h1>\n            <\/div>\n\n        <\/div>\n\n    <\/div>\n\n    <div class=\"gridEnTeteDePage w-full container absolute left-1\/2 transform -translate-x-1\/2 z-10\"><\/div>\n\n    \n<\/div>\n\n\n\n\n<style>\n    \/* Ajustement - KSA - En-t\u00eate de page *\/\n\n    div.gridEnTeteDePage {\n        background-image: url(https:\/\/ksalegal.ca\/app\/themes\/turbutheme\/dist\/images\/texture-grid.svg);\n        height: 35%;\n        background-size: 45px;\n        bottom: -35px;\n    }\n\n    @media  screen and (max-width:768px) {\n        div.gridEnTeteDePage {\n            height: 31%;\n        }\n    }\n<\/style>\n\n<div class=\"acf-ksa-une-colonne alignfull bg-red flex flex-col py-16 outline-none\" id=\"ksaunecolonne_1\">\n\n    <div class=\"container mx-auto\">\n\n        <h2 class=\"text-3xl prata pb-16 text-white\">Our firm<\/h2>\n\n        <div class=\"content  text-white\">\n            <p>We are a group of lawyers and notaries who value teamwork, which ensures our operational capacity far exceeds our individual capabilities. In other words, working together makes us more than the sum of our parts.<\/p>\n<p>From the beginning, our mission has been to offer legal and transactional services tailored to specific clients and their needs. Our clientele is composed of business people, corporate entities and individuals located throughout Quebec. Our professionals also regularly work in Ontario, and on occasion, in the rest of Canada, the United States and the European Union.<\/p>\n<p>Our team of notaries and lawyers makes it a point of pride to accompany our clients throughout all stages of their lives, in both their professional and personal affairs. Our commitment to our clients is simple: deliver on time, every time. Our team\u2019s commitment to providing quality and courteous professional service tailored to our clients\u2019 needs is what sets us apart.<\/p>\n\n        <\/div>\n\n        \n    <\/div>\n\n<\/div>\n\n\n<style>\n    \n    \/* Si la couleur de fond du bloc est rouge et que l'on se trouve sur une page d'expertise, on va alors changer la couleur de la fl\u00e8che se trouvant dans le bloc ksaEnTeteDePage afin de la rendre visible. Cette fl\u00e8che est positionn\u00e9 en \"absolute\" dans son propre bloc avec une propri\u00e9t\u00e9 \"bottom\" n\u00e9gative. *\/\n\n    body.single-expertise div.absolute .st0, div.absolute .st1 {\n        stroke: #fff !important;\n    }\n    body.single-expertise div.absolute .st1 {\n        fill: #fff !important;\n    }\n<\/style>\n\n\n\n<div class=\"acf-ksa-image-texte-reversible alignfull flex flex-col py-16 md:py-0 px-10 md:px-0\" id=\"ksaimagetextereversible_1\">\n\n    <div class=\"listesServicesLies flex flex-col md:flex-row relative\">\n\n                <div class=\"grid absolute top-72 w-full\" style=\"background-image: url('https:\/\/ksalegal.ca\/app\/themes\/turbutheme\/dist\/images\/texture-grid-gray.svg'); width: 75%; height: 50%; background-size: 45px;\"><\/div>\n        \n        \n        <div class=\"w-full  md:w-1\/3  bg-cover bg-center bg-no-repeat bg-red\" style=\"background-image: url('https:\/\/ksalegal.ca\/app\/uploads\/2021\/08\/Services_droit_travail_administratif.jpg'); \/* padding-top: 70%; *\/\"><\/div>\n\n        \n\n\n        <div class=\" md:w-2\/3 order-first  flex justify-center relative z-10\">\n\n            <div class=\"w-full md:w-2\/3 md:pt-16\">\n\n                <h2 class=\"text-4_3xl text-red prata leading-tight\">Our group<\/h2>\n\n                <div class=\"py-10 md:pt-28 md:pb-5 montserrat\">\n\n                    <p>Pioneers in their methods and driven by the desire to offer services outside major urban centres, KSA Lawyers joined forces with the notary firm Leblanc Martin inc. of Trois-Rivi\u00e8res in 2013. This alliance would allow business clients in the Mauricie region to carry out major commercial transactions outside the province and to have access to a complete range of legal services provided by professionals who share their values. In 2016, KSA Lawyers, founded in L\u00e9vis, opened new offices in Qu\u00e9bec City.<\/p>\n<p>In November 2017, the notary firm Gosselin Lagueux Roy of L\u00e9vis joined our group. The synergy created between these firms of professionals on the south shore of Qu\u00e9bec City, with different but complementary and indispensable areas of expertise, has only reinforced their strategic positioning. In January 2020, C\u00f4t\u00e9 Ouellet Thivierge, a notary firm serving a large area in the Bas-St-Laurent, with seven offices located across the region, joined the group.<\/p>\n<p>These associations give our clients access to professionals in finance, business management and technology who have developed lasting relationships with members of the KSA group. This allows us to refer our clients to related service companies in the fields of financing, due diligence and transaction evaluation, as well as to have access to ad hoc support services required for different types of transactions.<\/p>\n<p>The alliances that have enabled our group to grow have always been undertaken with the primary objective of providing an integrated offer of legal services, allowing our clients to have access to more professionals who are experts in their fields, all within a single network. In 2020, these four firms decided to update their image and rebrand as KSA Lawyers + Notaries, a strong identity that reflects the diversified legal services offered by our group.<\/p>\n\n\n\n                    \n                    \n                <\/div>\n\n            <\/div>\n\n        <\/div>\n\n    <\/div>\n\n<\/div>\n\n<div class=\"acf-deux-colonnes-logos alignfull flex flex-col w-screen bg-cover bg-center bg-norepeat relative pt-16\" style=\"background-image: url()\" id=\"deuxcolonneslogos_1\">\n\n    <style>\n        .blanc_hachure {\n            background-image: url(https:\/\/ksalegal.ca\/app\/themes\/turbutheme\/dist\/images\/texture-faq.png);\n        }\n    <\/style>\n\n    <h2 class=\"mx-auto container prata text-3xl md:text-4_3xl mb-16 px-10\">\n\n        <span class=\"titleUnderlineRed relative prata pb-5 text-red\">Our offices<\/span>\n\n    <\/h2>\n\n\n    <div class=\"blocsContainer grid grid-cols-1 md:grid-cols-2\">\n\n        \n        \n        <!--  transition-all duration-300 hover:scale-105 -->\n\n        <style>\n            img.logoTransition {\n                transition: all ease 0.5s;\n            }\n            img.logoTransition:hover {\n                transform: scale(1.30);\n            }\n        <\/style>\n\n        <div class=\"bg-gray  flex flex-col justify-center items-center pt-20 md:pt-28 pb-16  md:pb-20\">\n            <a href=\"https:\/\/ksalegal.ca\/en\/cabinet\/cote-ouellet-thivierge\/\"><img decoding=\"async\" src=\"https:\/\/ksalegal.ca\/app\/uploads\/2021\/07\/Logo-KSA-COT-COUL-CMYK.png\" class=\"w-full logoTransition\" style=\"max-width: 28rem; padding: 0 3rem;\"><\/a>\n            <div class=\"flex flex-row justify-between mt-14\">\n                <a href=\"https:\/\/ksalegal.ca\/en\/cabinet\/cote-ouellet-thivierge\/\" class=\"button red lightWidth fontWeight-initial inline-flex text-lg\">Learn more<\/a>\n            <\/div>\n        <\/div>\n\n        \n        \n        <!--  transition-all duration-300 hover:scale-105 -->\n\n        <style>\n            img.logoTransition {\n                transition: all ease 0.5s;\n            }\n            img.logoTransition:hover {\n                transform: scale(1.30);\n            }\n        <\/style>\n\n        <div class=\"bg-white  flex flex-col justify-center items-center pt-20 md:pt-28 pb-16  md:pb-20\">\n            <a href=\"https:\/\/ksalegal.ca\/en\/cabinet\/gosselin-lageux-roy\/\"><img decoding=\"async\" src=\"https:\/\/ksalegal.ca\/app\/uploads\/2021\/07\/Logo-KSA-GLR-COUL-CMYK.png\" class=\"w-full logoTransition\" style=\"max-width: 28rem; padding: 0 3rem;\"><\/a>\n            <div class=\"flex flex-row justify-between mt-14\">\n                <a href=\"https:\/\/ksalegal.ca\/en\/cabinet\/gosselin-lageux-roy\/\" class=\"button red lightWidth fontWeight-initial inline-flex text-lg\">Learn more<\/a>\n            <\/div>\n        <\/div>\n\n        \n        \n        <!--  transition-all duration-300 hover:scale-105 -->\n\n        <style>\n            img.logoTransition {\n                transition: all ease 0.5s;\n            }\n            img.logoTransition:hover {\n                transform: scale(1.30);\n            }\n        <\/style>\n\n        <div class=\"bg-white  flex flex-col justify-center items-center pt-20 md:pt-28 pb-16  md:pb-20\">\n            <a href=\"https:\/\/ksalegal.ca\/en\/cabinet\/leblanc-martin-bernier\/\"><img decoding=\"async\" src=\"https:\/\/ksalegal.ca\/app\/uploads\/2021\/07\/Logo-KSA-LMB-COUL-CMYK.png\" class=\"w-full logoTransition\" style=\"max-width: 28rem; padding: 0 3rem;\"><\/a>\n            <div class=\"flex flex-row justify-between mt-14\">\n                <a href=\"https:\/\/ksalegal.ca\/en\/cabinet\/leblanc-martin-bernier\/\" class=\"button red lightWidth fontWeight-initial inline-flex text-lg\">Learn more<\/a>\n            <\/div>\n        <\/div>\n\n        \n        \n        <!--  transition-all duration-300 hover:scale-105 -->\n\n        <style>\n            img.logoTransition {\n                transition: all ease 0.5s;\n            }\n            img.logoTransition:hover {\n                transform: scale(1.30);\n            }\n        <\/style>\n\n        <div class=\"blanc_hachure  flex flex-col justify-center items-center pt-20 md:pt-28 pb-16  md:pb-20\">\n            <a href=\"https:\/\/ksalegal.ca\/en\/cabinet\/ksa\/\"><img decoding=\"async\" src=\"https:\/\/ksalegal.ca\/app\/uploads\/2021\/07\/Logo-KSA-COUL-CMYK.png\" class=\"w-full logoTransition\" style=\"max-width: 28rem; padding: 0 3rem;\"><\/a>\n            <div class=\"flex flex-row justify-between mt-14\">\n                <a href=\"https:\/\/ksalegal.ca\/en\/cabinet\/ksa\/\" class=\"button red lightWidth fontWeight-initial inline-flex text-lg\">Learn more<\/a>\n            <\/div>\n        <\/div>\n\n        \n\n    <\/div>\n\n\n<\/div>\n\n<div class=\"acf-bloc-cliquable alignfull w-screen bg-cover bg-center outline-none\" style=\"background-image: url()\" id=\"bloccliquable_1\"> \n\n    <div class=\"py-16 bg-red outline-none\">\n\n        <div class=\"container mx-auto flex justify-center outline-none\">\n\n            <div class=\"text-center w-3\/4\">\n                                <h2 class=\"p-5 sm:p-0 style-h1 mb-16 leading-tight text-white\">Build a career with us<\/h2>\n                \n                                <div class=\"w-full flex justify-center\">\n\n                    <div class=\"content w-full md:w-3\/4 text-white\">\n\n                        <p>Interested in joining the KSA Lawyers + Notaries network? We\u2019re looking for professionals in our different offices.<\/p>\n\n\n                    <\/div>\n\n\n                <\/div>\n                \n                                <div class=\"flex justify-center mt-10\">\n                    <a href=\"\/en\/legal-jobs\/\" class=\"button white text-1xl sm:text-2xl md:text-3xl lg:text-4xl\">Browse our open positions<\/a>\n                <\/div>\n                \n            <\/div>\n\n            \n        <\/div>\n\n    <\/div>\n\n<\/div>","protected":false},"excerpt":{"rendered":"","protected":false},"author":1,"featured_media":0,"parent":0,"menu_order":0,"comment_status":"closed","ping_status":"closed","template":"","meta":{"_acf_changed":false,"footnotes":""},"class_list":["post-821","page","type-page","status-publish","hentry"],"acf":[],"yoast_head":"<!-- This site is optimized with the Yoast SEO plugin v27.0 - https:\/\/yoast.com\/product\/yoast-seo-wordpress\/ -->\n<title>KSA Lawyers + Notaries | About us<\/title>\n<meta name=\"description\" content=\"We are a team of lawyers and notaries offering legal and transaction services tailored to our clients\u2019 needs.\" \/>\n<meta name=\"robots\" content=\"index, follow, max-snippet:-1, max-image-preview:large, max-video-preview:-1\" \/>\n<link rel=\"canonical\" href=\"https:\/\/ksalegal.ca\/en\/about-us\/\" \/>\n<meta property=\"og:locale\" content=\"en_US\" \/>\n<meta property=\"og:type\" content=\"article\" \/>\n<meta property=\"og:title\" content=\"KSA Lawyers + Notaries | About us\" \/>\n<meta property=\"og:description\" content=\"We are a team of lawyers and notaries offering legal and transaction services tailored to our clients\u2019 needs.\" \/>\n<meta property=\"og:url\" content=\"https:\/\/ksalegal.ca\/en\/about-us\/\" \/>\n<meta property=\"og:site_name\" content=\"KSA Avocats\" \/>\n<meta property=\"article:modified_time\" content=\"2023-10-03T20:31:33+00:00\" \/>\n<meta property=\"og:image\" content=\"https:\/\/ksalegal.ca\/app\/uploads\/2021\/07\/KSA-logo-Officielle-coul-20210309.png\" \/>\n\t<meta property=\"og:image:width\" content=\"500\" \/>\n\t<meta property=\"og:image:height\" content=\"500\" \/>\n\t<meta property=\"og:image:type\" content=\"image\/png\" \/>\n<meta name=\"twitter:card\" content=\"summary_large_image\" \/>\n<script type=\"application\/ld+json\" class=\"yoast-schema-graph\">{\"@context\":\"https:\/\/schema.org\",\"@graph\":[{\"@type\":\"WebPage\",\"@id\":\"https:\/\/ksalegal.ca\/en\/about-us\/\",\"url\":\"https:\/\/ksalegal.ca\/en\/about-us\/\",\"name\":\"KSA Lawyers + Notaries | About us\",\"isPartOf\":{\"@id\":\"https:\/\/ksalegal.ca\/en\/#website\"},\"datePublished\":\"2021-07-13T13:28:30+00:00\",\"dateModified\":\"2023-10-03T20:31:33+00:00\",\"description\":\"We are a team of lawyers and notaries offering legal and transaction services tailored to our clients\u2019 needs.\",\"breadcrumb\":{\"@id\":\"https:\/\/ksalegal.ca\/en\/about-us\/#breadcrumb\"},\"inLanguage\":\"en-US\",\"potentialAction\":[{\"@type\":\"ReadAction\",\"target\":[\"https:\/\/ksalegal.ca\/en\/about-us\/\"]}]},{\"@type\":\"BreadcrumbList\",\"@id\":\"https:\/\/ksalegal.ca\/en\/about-us\/#breadcrumb\",\"itemListElement\":[{\"@type\":\"ListItem\",\"position\":1,\"name\":\"Accueil\",\"item\":\"https:\/\/ksalegal.ca\/en\/\"},{\"@type\":\"ListItem\",\"position\":2,\"name\":\"About us\"}]},{\"@type\":\"WebSite\",\"@id\":\"https:\/\/ksalegal.ca\/en\/#website\",\"url\":\"https:\/\/ksalegal.ca\/en\/\",\"name\":\"KSA Avocats\",\"description\":\"\",\"publisher\":{\"@id\":\"https:\/\/ksalegal.ca\/en\/#organization\"},\"potentialAction\":[{\"@type\":\"SearchAction\",\"target\":{\"@type\":\"EntryPoint\",\"urlTemplate\":\"https:\/\/ksalegal.ca\/en\/?s={search_term_string}\"},\"query-input\":{\"@type\":\"PropertyValueSpecification\",\"valueRequired\":true,\"valueName\":\"search_term_string\"}}],\"inLanguage\":\"en-US\"},{\"@type\":\"Organization\",\"@id\":\"https:\/\/ksalegal.ca\/en\/#organization\",\"name\":\"KSA Avocats + Notaires\",\"url\":\"https:\/\/ksalegal.ca\/en\/\",\"logo\":{\"@type\":\"ImageObject\",\"inLanguage\":\"en-US\",\"@id\":\"https:\/\/ksalegal.ca\/en\/#\/schema\/logo\/image\/\",\"url\":\"https:\/\/ksalegal.ca\/app\/uploads\/2021\/07\/KSA-logo-Officielle-coul-20210309.png\",\"contentUrl\":\"https:\/\/ksalegal.ca\/app\/uploads\/2021\/07\/KSA-logo-Officielle-coul-20210309.png\",\"width\":500,\"height\":500,\"caption\":\"KSA Avocats + Notaires\"},\"image\":{\"@id\":\"https:\/\/ksalegal.ca\/en\/#\/schema\/logo\/image\/\"}}]}<\/script>\n<!-- \/ Yoast SEO plugin. -->","yoast_head_json":{"title":"KSA Lawyers + Notaries | About us","description":"We are a team of lawyers and notaries offering legal and transaction services tailored to our clients\u2019 needs.","robots":{"index":"index","follow":"follow","max-snippet":"max-snippet:-1","max-image-preview":"max-image-preview:large","max-video-preview":"max-video-preview:-1"},"canonical":"https:\/\/ksalegal.ca\/en\/about-us\/","og_locale":"en_US","og_type":"article","og_title":"KSA Lawyers + Notaries | About us","og_description":"We are a team of lawyers and notaries offering legal and transaction services tailored to our clients\u2019 needs.","og_url":"https:\/\/ksalegal.ca\/en\/about-us\/","og_site_name":"KSA Avocats","article_modified_time":"2023-10-03T20:31:33+00:00","og_image":[{"width":500,"height":500,"url":"https:\/\/ksalegal.ca\/app\/uploads\/2021\/07\/KSA-logo-Officielle-coul-20210309.png","type":"image\/png"}],"twitter_card":"summary_large_image","schema":{"@context":"https:\/\/schema.org","@graph":[{"@type":"WebPage","@id":"https:\/\/ksalegal.ca\/en\/about-us\/","url":"https:\/\/ksalegal.ca\/en\/about-us\/","name":"KSA Lawyers + Notaries | About us","isPartOf":{"@id":"https:\/\/ksalegal.ca\/en\/#website"},"datePublished":"2021-07-13T13:28:30+00:00","dateModified":"2023-10-03T20:31:33+00:00","description":"We are a team of lawyers and notaries offering legal and transaction services tailored to our clients\u2019 needs.","breadcrumb":{"@id":"https:\/\/ksalegal.ca\/en\/about-us\/#breadcrumb"},"inLanguage":"en-US","potentialAction":[{"@type":"ReadAction","target":["https:\/\/ksalegal.ca\/en\/about-us\/"]}]},{"@type":"BreadcrumbList","@id":"https:\/\/ksalegal.ca\/en\/about-us\/#breadcrumb","itemListElement":[{"@type":"ListItem","position":1,"name":"Accueil","item":"https:\/\/ksalegal.ca\/en\/"},{"@type":"ListItem","position":2,"name":"About us"}]},{"@type":"WebSite","@id":"https:\/\/ksalegal.ca\/en\/#website","url":"https:\/\/ksalegal.ca\/en\/","name":"KSA Avocats","description":"","publisher":{"@id":"https:\/\/ksalegal.ca\/en\/#organization"},"potentialAction":[{"@type":"SearchAction","target":{"@type":"EntryPoint","urlTemplate":"https:\/\/ksalegal.ca\/en\/?s={search_term_string}"},"query-input":{"@type":"PropertyValueSpecification","valueRequired":true,"valueName":"search_term_string"}}],"inLanguage":"en-US"},{"@type":"Organization","@id":"https:\/\/ksalegal.ca\/en\/#organization","name":"KSA Avocats + Notaires","url":"https:\/\/ksalegal.ca\/en\/","logo":{"@type":"ImageObject","inLanguage":"en-US","@id":"https:\/\/ksalegal.ca\/en\/#\/schema\/logo\/image\/","url":"https:\/\/ksalegal.ca\/app\/uploads\/2021\/07\/KSA-logo-Officielle-coul-20210309.png","contentUrl":"https:\/\/ksalegal.ca\/app\/uploads\/2021\/07\/KSA-logo-Officielle-coul-20210309.png","width":500,"height":500,"caption":"KSA Avocats + Notaires"},"image":{"@id":"https:\/\/ksalegal.ca\/en\/#\/schema\/logo\/image\/"}}]}},"_links":{"self":[{"href":"https:\/\/ksalegal.ca\/en\/wp-json\/wp\/v2\/pages\/821","targetHints":{"allow":["GET"]}}],"collection":[{"href":"https:\/\/ksalegal.ca\/en\/wp-json\/wp\/v2\/pages"}],"about":[{"href":"https:\/\/ksalegal.ca\/en\/wp-json\/wp\/v2\/types\/page"}],"author":[{"embeddable":true,"href":"https:\/\/ksalegal.ca\/en\/wp-json\/wp\/v2\/users\/1"}],"replies":[{"embeddable":true,"href":"https:\/\/ksalegal.ca\/en\/wp-json\/wp\/v2\/comments?post=821"}],"version-history":[{"count":20,"href":"https:\/\/ksalegal.ca\/en\/wp-json\/wp\/v2\/pages\/821\/revisions"}],"predecessor-version":[{"id":7087,"href":"https:\/\/ksalegal.ca\/en\/wp-json\/wp\/v2\/pages\/821\/revisions\/7087"}],"wp:attachment":[{"href":"https:\/\/ksalegal.ca\/en\/wp-json\/wp\/v2\/media?parent=821"}],"curies":[{"name":"wp","href":"https:\/\/api.w.org\/{rel}","templated":true}]}}