{"id":2015,"date":"2021-07-21T21:56:50","date_gmt":"2021-07-21T19:56:50","guid":{"rendered":"https:\/\/ksa.turbuweb.com\/?page_id=2015"},"modified":"2024-09-03T08:37:39","modified_gmt":"2024-09-03T12:37:39","slug":"certifications-and-community-involvement","status":"publish","type":"page","link":"https:\/\/ksalegal.ca\/en\/certifications-and-community-involvement\/","title":{"rendered":"Certifications and community involvement"},"content":{"rendered":"<div class=\"acf-ksa-en-tete-de-page alignwide flex flex-col w-screen bg-cover bg-center bg-norepeat relative pt-16\" style=\"background-image: url(https:\/\/ksalegal.ca\/app\/uploads\/2021\/08\/Nos_equipes_entete.jpg)\" id=\"ksaentetedepage_1\">\n\n    <div class=\"w-full h-full flex flex-col justify-center align-center relative\">\n\n        <div class=\"container mx-auto pt-20 pb-56 grid grid-cols-1 md:grid-cols-2\">\n\n            <div class=\"logoContainer w-full text-center lg:text-left mb-20 sm:mb-2\">\n\n                \n                <a href=\"\/en\">\n                    <img decoding=\"async\" src=\"https:\/\/ksalegal.ca\/app\/themes\/turbutheme\/dist\/icons\/ksa-logo-gray.svg\" class=\"w-48 md:w-72\">\n                <\/a>\n            <\/div>\n\n            <div class=\"titleContainer w-full flex flex-row justify-center md:justify-end items-end\">\n                <h1 class=\"h1-style text-5xl break-words prata text-white\">\n                    Certifications and community involvement\n                <\/h1>\n            <\/div>\n\n        <\/div>\n\n    <\/div>\n\n    <div class=\"gridEnTeteDePage w-full container absolute left-1\/2 transform -translate-x-1\/2 z-10\"><\/div>\n\n    \n<\/div>\n\n\n\n\n<style>\n    \/* Ajustement - KSA - En-t\u00eate de page *\/\n\n    div.gridEnTeteDePage {\n        background-image: url(https:\/\/ksalegal.ca\/app\/themes\/turbutheme\/dist\/images\/texture-grid.svg);\n        height: 35%;\n        background-size: 45px;\n        bottom: -35px;\n    }\n\n    @media  screen and (max-width:768px) {\n        div.gridEnTeteDePage {\n            height: 31%;\n        }\n    }\n<\/style>\n\n<div class=\"acf-ksa-une-colonne alignwide bg-red flex flex-col py-16 outline-none\" id=\"ksaunecolonne_1\">\n\n    <div class=\"container mx-auto\">\n\n        <h2 class=\"text-3xl prata pb-16 text-white\">Our commitment<\/h2>\n\n        <div class=\"content  text-white\">\n            <p><span style=\"font-weight: 400;\">At KSA Lawyers + Notaries, we\u2019re involved in our professional and local communities and proud of it. Community involvement is an important value to us.<\/span><\/p>\n\n        <\/div>\n\n        \n        \n        <div class=\"flex flex-row justify-start items-center text-white prata buttonAnimateSVG mt-16\">\n            <a class=\"fontWeight-initial mr-5 text-xl no-underline\" href=\"#teamInvolved\">See their implications<\/a>\n            <a href=\"#teamInvolved\">\n                <div><?xml version=\"1.0\" encoding=\"utf-8\"?>\n<!-- Generator: Adobe Illustrator 25.2.0, SVG Export Plug-In . SVG Version: 6.00 Build 0)  -->\n<svg class=\"w-12 redCircle cursor-pointer NegRotate90\" version=\"1.1\" id=\"Calque_1\" xmlns=\"http:\/\/www.w3.org\/2000\/svg\" xmlns:xlink=\"http:\/\/www.w3.org\/1999\/xlink\" x=\"0px\" y=\"0px\"\n\t viewBox=\"0 0 80 80\" style=\"enable-background:new 0 0 80 80;\" xml:space=\"preserve\">\n<style type=\"text\/css\">\n\t.ss1dq{fill:none;stroke:#ffffff;stroke-width:3;stroke-miterlimit:10;}\n\t.q1dsa4{fill:#ffffff;}\n<\/style>\n<circle class=\"ss1dq\" cx=\"40\" cy=\"40\" r=\"38.1\"\/>\n<path class=\"q1dsa4\" d=\"M55.2,41.4v-2.7H31.9l6.2-6.1c0,0,0.9-1.1,0-2s-1.8,0-1.8,0l-8.2,8.3c0,0-0.6,0.6-0.6,1s0.2,1,0.8,1.5\n\ts8.1,8.1,8.1,8.1s1,0.7,1.7,0s0.4-1.6,0.2-1.7c-0.1-0.2-6.3-6.4-6.3-6.4H55.2z\"\/>\n<\/svg><\/div>\n            <\/a>\n        <\/div>\n\n        \n        \n    <\/div>\n\n<\/div>\n\n\n<style>\n    \n    \/* Si la couleur de fond du bloc est rouge et que l'on se trouve sur une page d'expertise, on va alors changer la couleur de la fl\u00e8che se trouvant dans le bloc ksaEnTeteDePage afin de la rendre visible. Cette fl\u00e8che est positionn\u00e9 en \"absolute\" dans son propre bloc avec une propri\u00e9t\u00e9 \"bottom\" n\u00e9gative. *\/\n\n    body.single-expertise div.absolute .st0, div.absolute .st1 {\n        stroke: #fff !important;\n    }\n    body.single-expertise div.absolute .st1 {\n        fill: #fff !important;\n    }\n<\/style>\n\n\n\n<div class=\"acf-ksa-image-texte-reversible alignwide flex flex-col py-16 md:py-0 px-10 md:px-0\" id=\"ksaimagetextereversible_1\">\n\n    <div class=\"listesServicesLies flex flex-col md:flex-row relative\">\n\n                <div class=\"grid absolute top-72 w-full\" style=\"background-image: url('https:\/\/ksalegal.ca\/app\/themes\/turbutheme\/dist\/images\/texture-grid-gray.svg'); width: 75%; height: 50%; background-size: 45px;\"><\/div>\n        \n        \n        <div class=\"w-full  md:w-1\/3  md:px-10 relative z-10 flex justify-center items-center\">\n            <img decoding=\"async\" src=\"https:\/\/ksalegal.ca\/app\/uploads\/2021\/07\/logo_gesica.png\" alt=\"\" class=\"w-full\">\n        <\/div>\n\n        \n\n\n        <div class=\" md:w-2\/3 order-first  flex justify-center relative z-10\">\n\n            <div class=\"w-full md:w-2\/3 md:pt-16\">\n\n                <h2 class=\"text-4_3xl text-red prata leading-tight\">About the Gesica network<\/h2>\n\n                <div class=\"py-10 md:pt-28 md:pb-5 montserrat\">\n\n                    <p><span style=\"font-weight: 400;\">KSA became a member of the Gesica network in 2014.<\/span><\/p>\n<p><span style=\"font-weight: 400;\">The Gesica network, created over forty years ago, is the largest international network of Francophone lawyers, with over 200 firms and 2,000\u00a0lawyers practicing in the European Union and worldwide.\u00a0<\/span><\/p>\n<p><span style=\"font-weight: 400;\">As a member of Gesica, we have legal contacts all over the globe, allowing our clients to benefit from their experience and expertise.\u00a0<\/span><\/p>\n<p><span style=\"font-weight: 400;\">Our firm\u2019s presence in Canada, meanwhile, also benefits the members of the network. We believe that focused international networking, combined<\/span> <span style=\"font-weight: 400;\">with open collaboration between network members, helps us to better address the needs of our clients.\u00a0<\/span><\/p>\n\n\n\n                    \n                    <div class=\"mt-24\">\n\n                                                <div class=\"flex flex-row justify-start items-center text-red prata buttonAnimateSVG mb-10\">\n                            <a class=\"fontWeight-initial mr-5 text-xl no-underline flex flex-row\" href=\"https:\/\/www.gesica.org\/fr\/reseau\/\">\n                            <div class=\"flex items-center mr-5\">Read more<\/div>\n                            <?xml version=\"1.0\" encoding=\"utf-8\"?>\n<!-- Generator: Adobe Illustrator 25.2.0, SVG Export Plug-In . SVG Version: 6.00 Build 0)  -->\n<svg class=\"w-12 redCircle cursor-pointer\" version=\"1.1\" id=\"Calque_1\" xmlns=\"http:\/\/www.w3.org\/2000\/svg\" xmlns:xlink=\"http:\/\/www.w3.org\/1999\/xlink\" x=\"0px\" y=\"0px\"\n\t viewBox=\"0 0 80 80\" style=\"enable-background:new 0 0 80 80;\" xml:space=\"preserve\">\n<style type=\"text\/css\">\n\t.redArrow1{fill:none;stroke:#B7312C;stroke-width:3;stroke-miterlimit:10;}\n\t.redArrow2{fill:#B7312C;}\n<\/style>\n<circle class=\"redArrow1\" cx=\"40\" cy=\"40\" r=\"38.1\"\/>\n<path class=\"redArrow2\" d=\"M27.5,38.6v2.7h23.3l-6.2,6.1c0,0-0.9,1.1,0,2s1.8,0,1.8,0l8.2-8.3c0,0,0.6-0.6,0.6-1s-0.2-1-0.8-1.5\n\tc-0.6-0.5-8.1-8.1-8.1-8.1s-1-0.7-1.7,0c-0.7,0.7-0.4,1.6-0.2,1.7c0.1,0.2,6.3,6.4,6.3,6.4H27.5z\"\/>\n<\/svg>                            <\/a>\n                        <\/div>\n\n                        \n                    <\/div>\n\n                    \n                    \n                <\/div>\n\n            <\/div>\n\n        <\/div>\n\n    <\/div>\n\n<\/div>\n\n<div class=\"acf-ksa-image-texte-reversible alignwide flex flex-col py-16 md:py-0 px-10 md:px-0\" id=\"ksaimagetextereversible_2\">\n\n    <div class=\"listesServicesLies flex flex-col md:flex-row relative\">\n\n                <div class=\"grid absolute top-72 w-full\" style=\"background-image: url('https:\/\/ksalegal.ca\/app\/themes\/turbutheme\/dist\/images\/texture-grid-gray.svg'); width: 75%; height: 50%; background-size: 45px;\"><\/div>\n        \n        \n        <div class=\"w-full  md:w-1\/3  md:px-10 relative z-10 flex justify-center items-center\">\n            <img decoding=\"async\" src=\"https:\/\/ksalegal.ca\/app\/uploads\/2021\/07\/logo_ABL.png\" alt=\"\" class=\"w-full\">\n        <\/div>\n\n        \n\n\n        <div class=\" md:w-2\/3 order-first  flex justify-center relative z-10\">\n\n            <div class=\"w-full md:w-2\/3 md:pt-16\">\n\n                <h2 class=\"text-4_3xl text-red prata leading-tight\">About the Alliance of Business Lawyers (ABL)<\/h2>\n\n                <div class=\"py-10 md:pt-28 md:pb-5 montserrat\">\n\n                    <p><span style=\"font-weight: 400;\">KSA Lawyers + Notaries is a member of the Alliance of Business Lawyers (ABL).<\/span><\/p>\n<p><span style=\"font-weight: 400;\">ABL, a network of independent firms that practice business law, continues to expand worldwide.<\/span> <span style=\"font-weight: 400;\">With 900 lawyers and 57 member offices in 34\u00a0countries, the network\u2019s clients are able to get the legal and tax advice they need to grow and prosper, no matter where they are in the world. ABL connects business lawyers all over the globe.<\/span><\/p>\n\n\n\n                    \n                    <div class=\"mt-24\">\n\n                                                <div class=\"flex flex-row justify-start items-center text-red prata buttonAnimateSVG mb-10\">\n                            <a class=\"fontWeight-initial mr-5 text-xl no-underline flex flex-row\" href=\"https:\/\/www.ablglobal.net\/abl\/about\">\n                            <div class=\"flex items-center mr-5\">Read more<\/div>\n                            <?xml version=\"1.0\" encoding=\"utf-8\"?>\n<!-- Generator: Adobe Illustrator 25.2.0, SVG Export Plug-In . SVG Version: 6.00 Build 0)  -->\n<svg class=\"w-12 redCircle cursor-pointer\" version=\"1.1\" id=\"Calque_1\" xmlns=\"http:\/\/www.w3.org\/2000\/svg\" xmlns:xlink=\"http:\/\/www.w3.org\/1999\/xlink\" x=\"0px\" y=\"0px\"\n\t viewBox=\"0 0 80 80\" style=\"enable-background:new 0 0 80 80;\" xml:space=\"preserve\">\n<style type=\"text\/css\">\n\t.redArrow1{fill:none;stroke:#B7312C;stroke-width:3;stroke-miterlimit:10;}\n\t.redArrow2{fill:#B7312C;}\n<\/style>\n<circle class=\"redArrow1\" cx=\"40\" cy=\"40\" r=\"38.1\"\/>\n<path class=\"redArrow2\" d=\"M27.5,38.6v2.7h23.3l-6.2,6.1c0,0-0.9,1.1,0,2s1.8,0,1.8,0l8.2-8.3c0,0,0.6-0.6,0.6-1s-0.2-1-0.8-1.5\n\tc-0.6-0.5-8.1-8.1-8.1-8.1s-1-0.7-1.7,0c-0.7,0.7-0.4,1.6-0.2,1.7c0.1,0.2,6.3,6.4,6.3,6.4H27.5z\"\/>\n<\/svg>                            <\/a>\n                        <\/div>\n\n                        \n                    <\/div>\n\n                    \n                    \n                <\/div>\n\n            <\/div>\n\n        <\/div>\n\n    <\/div>\n\n<\/div>\n\n<div class=\"acf-ksa-image-texte-reversible alignwide flex flex-col py-16 md:py-0 px-10 md:px-0\" id=\"ksaimagetextereversible_3\">\n\n    <div class=\"listesServicesLies flex flex-col md:flex-row relative\">\n\n                <div class=\"grid absolute top-72 w-full\" style=\"background-image: url('https:\/\/ksalegal.ca\/app\/themes\/turbutheme\/dist\/images\/texture-grid-gray.svg'); width: 75%; height: 50%; background-size: 45px;\"><\/div>\n        \n        \n        <div class=\"w-full  md:w-1\/3  md:px-10 relative z-10 flex justify-center items-center\">\n            <img decoding=\"async\" src=\"https:\/\/ksalegal.ca\/app\/uploads\/2021\/08\/Equine-Lawyers-logo-PRINT-300dpi-004-scaled.jpg\" alt=\"\" class=\"w-full\">\n        <\/div>\n\n        \n\n\n        <div class=\" md:w-2\/3 order-first  flex justify-center relative z-10\">\n\n            <div class=\"w-full md:w-2\/3 md:pt-16\">\n\n                <h2 class=\"text-4_3xl text-red prata leading-tight\">About the European Equine Lawyers<\/h2>\n\n                <div class=\"py-10 md:pt-28 md:pb-5 montserrat\">\n\n                    <p>Ksa attorneys + notaries has been a member of European Equine Lawyers since 2018.<\/p>\n<p>European-Us-Asian Equine Lawyers is an association of the most important law firms specialized in equine law worldwide. This group was founded by Schelstraete Holding B.V. at its headquarters in s-&#8216;Hertogenbosch, the Netherlands.<\/p>\n<p>This association has independent partners in Europe, Asia, the United States and Canada and is still expanding.<\/p>\n\n\n\n                    \n                    <div class=\"mt-24\">\n\n                                                <div class=\"flex flex-row justify-start items-center text-red prata buttonAnimateSVG mb-10\">\n                            <a class=\"fontWeight-initial mr-5 text-xl no-underline flex flex-row\" href=\"https:\/\/www.europeanequinelawyers.com\/\">\n                            <div class=\"flex items-center mr-5\">Read more<\/div>\n                            <?xml version=\"1.0\" encoding=\"utf-8\"?>\n<!-- Generator: Adobe Illustrator 25.2.0, SVG Export Plug-In . SVG Version: 6.00 Build 0)  -->\n<svg class=\"w-12 redCircle cursor-pointer\" version=\"1.1\" id=\"Calque_1\" xmlns=\"http:\/\/www.w3.org\/2000\/svg\" xmlns:xlink=\"http:\/\/www.w3.org\/1999\/xlink\" x=\"0px\" y=\"0px\"\n\t viewBox=\"0 0 80 80\" style=\"enable-background:new 0 0 80 80;\" xml:space=\"preserve\">\n<style type=\"text\/css\">\n\t.redArrow1{fill:none;stroke:#B7312C;stroke-width:3;stroke-miterlimit:10;}\n\t.redArrow2{fill:#B7312C;}\n<\/style>\n<circle class=\"redArrow1\" cx=\"40\" cy=\"40\" r=\"38.1\"\/>\n<path class=\"redArrow2\" d=\"M27.5,38.6v2.7h23.3l-6.2,6.1c0,0-0.9,1.1,0,2s1.8,0,1.8,0l8.2-8.3c0,0,0.6-0.6,0.6-1s-0.2-1-0.8-1.5\n\tc-0.6-0.5-8.1-8.1-8.1-8.1s-1-0.7-1.7,0c-0.7,0.7-0.4,1.6-0.2,1.7c0.1,0.2,6.3,6.4,6.3,6.4H27.5z\"\/>\n<\/svg>                            <\/a>\n                        <\/div>\n\n                        \n                    <\/div>\n\n                    \n                    \n                <\/div>\n\n            <\/div>\n\n        <\/div>\n\n    <\/div>\n\n<\/div>\n\n<div class=\"acf-ksa-deux-colonnes alignwide bg-gray flex flex-col py-16 px-10 md:px-0\" id=\"teamInvolved\">\n\n    <div class=\"container mx-auto\">\n\n                <h2 class=\"text-3xl prata pb-16 text-red\">The team\u2019s community involvement<\/h2>\n        \n        <div class=\"grid grid-cols-1 lg:grid-cols-2 lg:gap-16\">\n\n            <div class=\"col1\">\n\n                \n                <div class=\"zoneItem\">\n\n                    \n\n                                        <div class=\"content pb-10\"><p><strong>St\u00e9phane Audy<\/strong><br \/>\n<span style=\"font-weight: 400;\">is a member of CondoConseils, CondoMarketing and CondoRessources Agencies.\u00a0<\/span><\/p>\n<p><strong>Cassy Bernier<br \/>\n<\/strong>is the president of the Chambre de commerce et d&#8217;industries de Trois-Rivi\u00e8res.<\/p>\n<p><strong>Yves Charbonneau<\/strong><br \/>\n<span style=\"font-weight: 400;\">is the Chair of the Board at Trans Biotech Inc., a biotechnology transfer centre.<\/span><\/p>\n<p><strong>Mathieu Comeau<br \/>\n<\/strong>is a member of the Comit\u00e9 de liaison with the Cour sup\u00e9rieure du Barreau de Qu\u00e9bec.<\/p>\n<p><strong>Julien-Pierre C\u00f4t\u00e9<\/strong><br \/>\n<span style=\"font-weight: 400;\">is a member of the Board of Directors and Vice Chair of Council at AG-Bio Centre. He is also a member of the L\u00e9vis Chamber of Commerce.<\/span><\/p>\n<p><strong>Marie-Pier Dorais<br \/>\n<\/strong>is a member of the Board of Directors of the Jeune Chambre de commerce de Drummondville.<\/p>\n<p><strong>Anne-Marie Gagn\u00e9<\/strong><br \/>\n<span style=\"font-weight: 400;\">is a past president, member of the Board of Directors and member of the Rotary Club of St-Nicolas-Chutes-de-la-Chaudi\u00e8re. <\/span><\/p>\n<p><strong>Pierre Rheault<\/strong><br \/>\n<span style=\"font-weight: 400;\">is the Governor of the L\u00e9vis Chamber of Commerce.<\/span><\/p>\n<\/div>\n                    \n                <\/div>\n\n                \n            <\/div>\n\n            <div class=\"col2 relative\">\n\n                                <div class=\"zoneItem\">\n\n                    \n                                        <div class=\"content pb-10\"><p><strong>Keven Laverdi\u00e8re<\/strong><br \/>\n<span style=\"font-weight: 400;\">is 1<\/span><span style=\"font-weight: 400;\">st<\/span><span style=\"font-weight: 400;\"> Vice Chair of the L\u00e9vis Chamber of Commerce.<\/span><\/p>\n<p><strong>Marie-\u00c8ve Malenfant<br \/>\n<\/strong>is a member of the Orchestre symphonique de L\u00e9vis as a violinist.<\/p>\n<p><strong>\u00c9ric Martin<\/strong><br \/>\n<span style=\"font-weight: 400;\">sits on the Board of Directors of the Centre d\u2019aide aux entreprises and is Vice Chair of the CIUSSS Fondation InterVal.<\/span><\/p>\n<p><strong>Ariane Michaud<br \/>\n<\/strong>is a member of the Table concertation vers l&#8217;autonomie in the Comit\u00e9 bientraitance de la MRC des Basques for the good treatment of seniors.<\/p>\n<p><strong>Jean-Fran\u00e7ois Nolet<\/strong><br \/>\n<span style=\"font-weight: 400;\">is a member of the Board of Directors of Atelier Organisationnel Rive-Sud. He is also a member of the Board of Directors of Soci\u00e9t\u00e9 VIA.<\/span><\/p>\n<p><strong>Marie-Pier Ouellet<br \/>\n<\/strong>is a member of the Professional Women&#8217;s Network of Rivi\u00e8re-du-Loup.<\/p>\n<p><strong>Tessa Rheault<\/strong><br \/>\n<span style=\"font-weight: 400;\">is a member of the Board of Directors of the <\/span><span style=\"font-weight: 400;\">L\u00e9vis Symphony Orchestra.<\/span><\/p>\n<p><strong>M\u00e9lanie Rh\u00e9aume<\/strong><br \/>\n<span style=\"font-weight: 400;\">is the Chair of the Board of Trajectoire-Emploi.<\/span><\/p>\n<p><strong>Jean-S\u00e9bastien Roy<\/strong><br \/>\n<span style=\"font-weight: 400;\">is a member of the Board of Directors of GRT Nouvel Habitat.<\/span><\/p>\n<p><strong>Simon Roy<\/strong><br \/>\n<span style=\"font-weight: 400;\">is a member of the planned giving committee of the H\u00f4tel-Dieu de L\u00e9vis Foundation.<\/span><\/p>\n<p><strong>Caroline Tremblay<br \/>\n<\/strong>is a member of the Board of Directors of the Auberge de ls Cl\u00e9 des Champs.<\/p>\n<\/div>\n                    \n                <\/div>\n                \n\n            <\/div>\n\n\n\n        <\/div>\n\n    <\/div>\n\n<\/div>","protected":false},"excerpt":{"rendered":"","protected":false},"author":1,"featured_media":0,"parent":0,"menu_order":0,"comment_status":"closed","ping_status":"closed","template":"","meta":{"_acf_changed":false,"footnotes":""},"class_list":["post-2015","page","type-page","status-publish","hentry"],"acf":[],"yoast_head":"<!-- This site is optimized with the Yoast SEO plugin v27.0 - https:\/\/yoast.com\/product\/yoast-seo-wordpress\/ -->\n<title>KSA Lawyers + Notaries | Certifications and community involvement<\/title>\n<meta name=\"description\" content=\"Learn more about how our teams contribute to the development of local organizations and about our professional certifications.\" \/>\n<meta name=\"robots\" content=\"index, follow, max-snippet:-1, max-image-preview:large, max-video-preview:-1\" \/>\n<link rel=\"canonical\" href=\"https:\/\/ksalegal.ca\/en\/certifications-and-community-involvement\/\" \/>\n<meta property=\"og:locale\" content=\"en_US\" \/>\n<meta property=\"og:type\" content=\"article\" \/>\n<meta property=\"og:title\" content=\"KSA Lawyers + Notaries | Certifications and community involvement\" \/>\n<meta property=\"og:description\" content=\"Learn more about how our teams contribute to the development of local organizations and about our professional certifications.\" \/>\n<meta property=\"og:url\" content=\"https:\/\/ksalegal.ca\/en\/certifications-and-community-involvement\/\" \/>\n<meta property=\"og:site_name\" content=\"KSA Avocats\" \/>\n<meta property=\"article:modified_time\" content=\"2024-09-03T12:37:39+00:00\" \/>\n<meta property=\"og:image\" content=\"https:\/\/ksalegal.ca\/app\/uploads\/2021\/07\/KSA-logo-Officielle-coul-20210309.png\" \/>\n\t<meta property=\"og:image:width\" content=\"500\" \/>\n\t<meta property=\"og:image:height\" content=\"500\" \/>\n\t<meta property=\"og:image:type\" content=\"image\/png\" \/>\n<meta name=\"twitter:card\" content=\"summary_large_image\" \/>\n<script type=\"application\/ld+json\" class=\"yoast-schema-graph\">{\"@context\":\"https:\/\/schema.org\",\"@graph\":[{\"@type\":\"WebPage\",\"@id\":\"https:\/\/ksalegal.ca\/en\/certifications-and-community-involvement\/\",\"url\":\"https:\/\/ksalegal.ca\/en\/certifications-and-community-involvement\/\",\"name\":\"KSA Lawyers + Notaries | Certifications and community involvement\",\"isPartOf\":{\"@id\":\"https:\/\/ksalegal.ca\/en\/#website\"},\"datePublished\":\"2021-07-21T19:56:50+00:00\",\"dateModified\":\"2024-09-03T12:37:39+00:00\",\"description\":\"Learn more about how our teams contribute to the development of local organizations and about our professional certifications.\",\"breadcrumb\":{\"@id\":\"https:\/\/ksalegal.ca\/en\/certifications-and-community-involvement\/#breadcrumb\"},\"inLanguage\":\"en-US\",\"potentialAction\":[{\"@type\":\"ReadAction\",\"target\":[\"https:\/\/ksalegal.ca\/en\/certifications-and-community-involvement\/\"]}]},{\"@type\":\"BreadcrumbList\",\"@id\":\"https:\/\/ksalegal.ca\/en\/certifications-and-community-involvement\/#breadcrumb\",\"itemListElement\":[{\"@type\":\"ListItem\",\"position\":1,\"name\":\"Accueil\",\"item\":\"https:\/\/ksalegal.ca\/en\/\"},{\"@type\":\"ListItem\",\"position\":2,\"name\":\"Certifications and community involvement\"}]},{\"@type\":\"WebSite\",\"@id\":\"https:\/\/ksalegal.ca\/en\/#website\",\"url\":\"https:\/\/ksalegal.ca\/en\/\",\"name\":\"KSA Avocats\",\"description\":\"\",\"publisher\":{\"@id\":\"https:\/\/ksalegal.ca\/en\/#organization\"},\"potentialAction\":[{\"@type\":\"SearchAction\",\"target\":{\"@type\":\"EntryPoint\",\"urlTemplate\":\"https:\/\/ksalegal.ca\/en\/?s={search_term_string}\"},\"query-input\":{\"@type\":\"PropertyValueSpecification\",\"valueRequired\":true,\"valueName\":\"search_term_string\"}}],\"inLanguage\":\"en-US\"},{\"@type\":\"Organization\",\"@id\":\"https:\/\/ksalegal.ca\/en\/#organization\",\"name\":\"KSA Avocats + Notaires\",\"url\":\"https:\/\/ksalegal.ca\/en\/\",\"logo\":{\"@type\":\"ImageObject\",\"inLanguage\":\"en-US\",\"@id\":\"https:\/\/ksalegal.ca\/en\/#\/schema\/logo\/image\/\",\"url\":\"https:\/\/ksalegal.ca\/app\/uploads\/2021\/07\/KSA-logo-Officielle-coul-20210309.png\",\"contentUrl\":\"https:\/\/ksalegal.ca\/app\/uploads\/2021\/07\/KSA-logo-Officielle-coul-20210309.png\",\"width\":500,\"height\":500,\"caption\":\"KSA Avocats + Notaires\"},\"image\":{\"@id\":\"https:\/\/ksalegal.ca\/en\/#\/schema\/logo\/image\/\"}}]}<\/script>\n<!-- \/ Yoast SEO plugin. -->","yoast_head_json":{"title":"KSA Lawyers + Notaries | Certifications and community involvement","description":"Learn more about how our teams contribute to the development of local organizations and about our professional certifications.","robots":{"index":"index","follow":"follow","max-snippet":"max-snippet:-1","max-image-preview":"max-image-preview:large","max-video-preview":"max-video-preview:-1"},"canonical":"https:\/\/ksalegal.ca\/en\/certifications-and-community-involvement\/","og_locale":"en_US","og_type":"article","og_title":"KSA Lawyers + Notaries | Certifications and community involvement","og_description":"Learn more about how our teams contribute to the development of local organizations and about our professional certifications.","og_url":"https:\/\/ksalegal.ca\/en\/certifications-and-community-involvement\/","og_site_name":"KSA Avocats","article_modified_time":"2024-09-03T12:37:39+00:00","og_image":[{"width":500,"height":500,"url":"https:\/\/ksalegal.ca\/app\/uploads\/2021\/07\/KSA-logo-Officielle-coul-20210309.png","type":"image\/png"}],"twitter_card":"summary_large_image","schema":{"@context":"https:\/\/schema.org","@graph":[{"@type":"WebPage","@id":"https:\/\/ksalegal.ca\/en\/certifications-and-community-involvement\/","url":"https:\/\/ksalegal.ca\/en\/certifications-and-community-involvement\/","name":"KSA Lawyers + Notaries | Certifications and community involvement","isPartOf":{"@id":"https:\/\/ksalegal.ca\/en\/#website"},"datePublished":"2021-07-21T19:56:50+00:00","dateModified":"2024-09-03T12:37:39+00:00","description":"Learn more about how our teams contribute to the development of local organizations and about our professional certifications.","breadcrumb":{"@id":"https:\/\/ksalegal.ca\/en\/certifications-and-community-involvement\/#breadcrumb"},"inLanguage":"en-US","potentialAction":[{"@type":"ReadAction","target":["https:\/\/ksalegal.ca\/en\/certifications-and-community-involvement\/"]}]},{"@type":"BreadcrumbList","@id":"https:\/\/ksalegal.ca\/en\/certifications-and-community-involvement\/#breadcrumb","itemListElement":[{"@type":"ListItem","position":1,"name":"Accueil","item":"https:\/\/ksalegal.ca\/en\/"},{"@type":"ListItem","position":2,"name":"Certifications and community involvement"}]},{"@type":"WebSite","@id":"https:\/\/ksalegal.ca\/en\/#website","url":"https:\/\/ksalegal.ca\/en\/","name":"KSA Avocats","description":"","publisher":{"@id":"https:\/\/ksalegal.ca\/en\/#organization"},"potentialAction":[{"@type":"SearchAction","target":{"@type":"EntryPoint","urlTemplate":"https:\/\/ksalegal.ca\/en\/?s={search_term_string}"},"query-input":{"@type":"PropertyValueSpecification","valueRequired":true,"valueName":"search_term_string"}}],"inLanguage":"en-US"},{"@type":"Organization","@id":"https:\/\/ksalegal.ca\/en\/#organization","name":"KSA Avocats + Notaires","url":"https:\/\/ksalegal.ca\/en\/","logo":{"@type":"ImageObject","inLanguage":"en-US","@id":"https:\/\/ksalegal.ca\/en\/#\/schema\/logo\/image\/","url":"https:\/\/ksalegal.ca\/app\/uploads\/2021\/07\/KSA-logo-Officielle-coul-20210309.png","contentUrl":"https:\/\/ksalegal.ca\/app\/uploads\/2021\/07\/KSA-logo-Officielle-coul-20210309.png","width":500,"height":500,"caption":"KSA Avocats + Notaires"},"image":{"@id":"https:\/\/ksalegal.ca\/en\/#\/schema\/logo\/image\/"}}]}},"_links":{"self":[{"href":"https:\/\/ksalegal.ca\/en\/wp-json\/wp\/v2\/pages\/2015","targetHints":{"allow":["GET"]}}],"collection":[{"href":"https:\/\/ksalegal.ca\/en\/wp-json\/wp\/v2\/pages"}],"about":[{"href":"https:\/\/ksalegal.ca\/en\/wp-json\/wp\/v2\/types\/page"}],"author":[{"embeddable":true,"href":"https:\/\/ksalegal.ca\/en\/wp-json\/wp\/v2\/users\/1"}],"replies":[{"embeddable":true,"href":"https:\/\/ksalegal.ca\/en\/wp-json\/wp\/v2\/comments?post=2015"}],"version-history":[{"count":28,"href":"https:\/\/ksalegal.ca\/en\/wp-json\/wp\/v2\/pages\/2015\/revisions"}],"predecessor-version":[{"id":7829,"href":"https:\/\/ksalegal.ca\/en\/wp-json\/wp\/v2\/pages\/2015\/revisions\/7829"}],"wp:attachment":[{"href":"https:\/\/ksalegal.ca\/en\/wp-json\/wp\/v2\/media?parent=2015"}],"curies":[{"name":"wp","href":"https:\/\/api.w.org\/{rel}","templated":true}]}}